{"id":11,"date":"2018-06-19T10:13:55","date_gmt":"2018-06-19T10:13:55","guid":{"rendered":"http:\/\/rowerowedobro.pl\/?page_id=11"},"modified":"2018-06-25T12:28:20","modified_gmt":"2018-06-25T12:28:20","slug":"opis-akcji","status":"publish","type":"page","link":"https:\/\/dlazuzi.rowerowedobro.pl\/?page_id=11","title":{"rendered":"Po co jedzie i gdzie ?"},"content":{"rendered":"<p><img data-recalc-dims=\"1\" fetchpriority=\"high\" decoding=\"async\" data-attachment-id=\"4\" data-permalink=\"https:\/\/dlazuzi.rowerowedobro.pl\/?attachment_id=4\" data-orig-file=\"https:\/\/i0.wp.com\/dlazuzi.rowerowedobro.pl\/wp-content\/uploads\/2018\/06\/35493194_2053683258227238_1544260542158340096_n-e1529407176107.jpg?fit=1699%2C3000&amp;ssl=1\" data-orig-size=\"1699,3000\" data-comments-opened=\"0\" data-image-meta=\"{&quot;aperture&quot;:&quot;0&quot;,&quot;credit&quot;:&quot;&quot;,&quot;camera&quot;:&quot;&quot;,&quot;caption&quot;:&quot;&quot;,&quot;created_timestamp&quot;:&quot;0&quot;,&quot;copyright&quot;:&quot;&quot;,&quot;focal_length&quot;:&quot;0&quot;,&quot;iso&quot;:&quot;0&quot;,&quot;shutter_speed&quot;:&quot;0&quot;,&quot;title&quot;:&quot;&quot;,&quot;orientation&quot;:&quot;0&quot;}\" data-image-title=\"35493194_2053683258227238_1544260542158340096_n\" data-image-description=\"\" data-image-caption=\"\" data-medium-file=\"https:\/\/i0.wp.com\/dlazuzi.rowerowedobro.pl\/wp-content\/uploads\/2018\/06\/35493194_2053683258227238_1544260542158340096_n-e1529407176107.jpg?fit=170%2C300&amp;ssl=1\" data-large-file=\"https:\/\/i0.wp.com\/dlazuzi.rowerowedobro.pl\/wp-content\/uploads\/2018\/06\/35493194_2053683258227238_1544260542158340096_n-e1529407176107.jpg?fit=580%2C1024&amp;ssl=1\" class=\"size-medium wp-image-4 alignleft\" src=\"https:\/\/i0.wp.com\/rowerowedobro.pl\/wp-content\/uploads\/2018\/06\/35493194_2053683258227238_1544260542158340096_n-222x300.jpg?resize=222%2C300&#038;ssl=1\" alt=\"\" width=\"222\" height=\"300\" \/>Zacz\u0119\u0142o si\u0119 od modelu Wigry 3, kt\u00f3ry dosta\u0142em na I Komuni\u0119 \u015awi\u0119t\u0105. To na nim, jako dzieciak, przekroczy\u0142em barier\u0119 50 km. P\u00f3\u017aniej \u2013 ju\u017c jako doros\u0142y cz\u0142owiek \u2013 kupi\u0142em sw\u00f3j pierwszy rower. Kosztowa\u0142 230 z\u0142. To na nim \u201ep\u0119k\u0142o\u201d pierwsze 100, 200 a p\u00f3\u017aniej 300 km zrobione jednego dnia. Jestem ksi\u0119dzem. Pracuj\u0119 w Hrubieszowie, m.in. kapelanem Zak\u0142adu Karnego.<\/p>\n<p>W 2015 roku ruszy\u0142em samotnie na Nordkapp, najdalej wysuni\u0119ty na p\u00f3\u0142noc punkt Europy. \u0141\u0105cznie uda\u0142o si\u0119 zrobi\u0107 prawie 5000 km w 31 dni. Od tego czasu ka\u017cde wakacje wygl\u0105daj\u0105 podobnie \u2013 szukam wyzwania, przygotowuj\u0119 tras\u0119 i ruszam. W tym roku punktem docelowym jest Gibraltar. Startuj\u0119 24 czerwca. Pokonam 4300 km w 25 dni. Chc\u0119 to zrobi\u0107 dla siebie. Cho\u0107 nie tylko.<\/p>\n<p>Niedawno pozna\u0142em Zuzi\u0119. Ma nieca\u0142y rok. Rodzice m\u00f3wi\u0105 o niej \u201enasza ma\u0142a wojowniczka\u201d. Urodzi\u0142a si\u0119 w 33 tygodniu ci\u0105\u017cy. W szpitalu stwierdzono ca\u0142\u0105 gam\u0119 wad: posocznic\u0119 wrodzon\u0105, drgawki noworodka, wrodzone zapalenie p\u0142uc, niewydolno\u015b\u0107 oddechow\u0105, niewydolno\u015b\u0107 kr\u0105\u017ceniow\u0105, niewydolno\u015b\u0107 nerek og\u00f3lny obrz\u0119k ca\u0142ego cia\u0142a spowodowany chorob\u0105 hemolityczn\u0105, zaburzenia w uk\u0142adzie hemostazy, trombocytopenia. Trzy tygodnie po narodzeniu Zuzia dosta\u0142a wylewu krwi do <img data-recalc-dims=\"1\" decoding=\"async\" data-attachment-id=\"4\" data-permalink=\"https:\/\/dlazuzi.rowerowedobro.pl\/?attachment_id=4\" data-orig-file=\"https:\/\/i0.wp.com\/dlazuzi.rowerowedobro.pl\/wp-content\/uploads\/2018\/06\/35493194_2053683258227238_1544260542158340096_n-e1529407176107.jpg?fit=1699%2C3000&amp;ssl=1\" data-orig-size=\"1699,3000\" data-comments-opened=\"0\" data-image-meta=\"{&quot;aperture&quot;:&quot;0&quot;,&quot;credit&quot;:&quot;&quot;,&quot;camera&quot;:&quot;&quot;,&quot;caption&quot;:&quot;&quot;,&quot;created_timestamp&quot;:&quot;0&quot;,&quot;copyright&quot;:&quot;&quot;,&quot;focal_length&quot;:&quot;0&quot;,&quot;iso&quot;:&quot;0&quot;,&quot;shutter_speed&quot;:&quot;0&quot;,&quot;title&quot;:&quot;&quot;,&quot;orientation&quot;:&quot;0&quot;}\" data-image-title=\"35493194_2053683258227238_1544260542158340096_n\" data-image-description=\"\" data-image-caption=\"\" data-medium-file=\"https:\/\/i0.wp.com\/dlazuzi.rowerowedobro.pl\/wp-content\/uploads\/2018\/06\/35493194_2053683258227238_1544260542158340096_n-e1529407176107.jpg?fit=170%2C300&amp;ssl=1\" data-large-file=\"https:\/\/i0.wp.com\/dlazuzi.rowerowedobro.pl\/wp-content\/uploads\/2018\/06\/35493194_2053683258227238_1544260542158340096_n-e1529407176107.jpg?fit=580%2C1024&amp;ssl=1\" class=\"size-medium wp-image-4 alignright\" src=\"https:\/\/i0.wp.com\/rowerowedobro.pl\/wp-content\/uploads\/2018\/06\/35493194_2053683258227238_1544260542158340096_n-e1529407176107-170x300.jpg?resize=170%2C300&#038;ssl=1\" alt=\"\" width=\"170\" height=\"300\" srcset=\"https:\/\/i0.wp.com\/dlazuzi.rowerowedobro.pl\/wp-content\/uploads\/2018\/06\/35493194_2053683258227238_1544260542158340096_n-e1529407176107.jpg?resize=170%2C300&amp;ssl=1 170w, https:\/\/i0.wp.com\/dlazuzi.rowerowedobro.pl\/wp-content\/uploads\/2018\/06\/35493194_2053683258227238_1544260542158340096_n-e1529407176107.jpg?resize=768%2C1356&amp;ssl=1 768w, https:\/\/i0.wp.com\/dlazuzi.rowerowedobro.pl\/wp-content\/uploads\/2018\/06\/35493194_2053683258227238_1544260542158340096_n-e1529407176107.jpg?resize=580%2C1024&amp;ssl=1 580w, https:\/\/i0.wp.com\/dlazuzi.rowerowedobro.pl\/wp-content\/uploads\/2018\/06\/35493194_2053683258227238_1544260542158340096_n-e1529407176107.jpg?w=1699&amp;ssl=1 1699w, https:\/\/i0.wp.com\/dlazuzi.rowerowedobro.pl\/wp-content\/uploads\/2018\/06\/35493194_2053683258227238_1544260542158340096_n-e1529407176107.jpg?w=1524&amp;ssl=1 1524w\" sizes=\"(max-width: 170px) 100vw, 170px\" \/>m\u00f3zgu. Ma dzieci\u0119ce pora\u017cenie m\u00f3zgowe z niedow\u0142adem lewej strony cia\u0142a. Jej rodzice \u2013 Ania i Andrzej, skromni ludzie, kt\u00f3rzy wychowuj\u0105 8 \u2013 letniego Oskara walcz\u0105 o powr\u00f3t do normalnego \u017cycia. Zuzia w maju przesz\u0142a zabieg opasania ga\u0142ki ocznej i witrektomi\u0119. Czekaj\u0105 jeszcze dwie operacje oczu, poza tym codzienna rehabilitacja, leki. Chc\u0119 im pom\u00f3c. St\u0105d pomys\u0142 akcji \u201e Z ksi\u0119dzem na Gibraltar dla Zuzi\u201d. Idea jest taka: ja robi\u0119 to, co lubi\u0119, \u2013 czyli jad\u0119 na rowerze, pokonuj\u0105c upa\u0142, zm\u0119czenie i kolejne kilometry &#8211; wy do\u0142\u0105czacie do zbi\u00f3rki <a href=\"\/?page_id=51\">wykonuj\u0105c przelew<\/a> i robicie pozytywne zamieszanie. Jeste\u015bmy na fb \u201e<strong>Z ksi\u0119dzem na Gibraltar<\/strong>\u201d, na blogu \u201e<strong>RoweroweDobro.pl<\/strong>\u201d.<\/p>\n<p>W Szlachetnej Paczce, w kt\u00f3rej jestem od kilku lat nauczy\u0142em si\u0119 zasady \u2013 \u201eJeden za wszystkich, wszyscy za jednego\u201d. Wierz\u0119, \u017ce jest to mo\u017cliwe. <strong>Wierz\u0119 w was. Wierz\u0119, \u017ce to si\u0119 da zrobi\u0107!<\/strong><\/p>\n<p>&nbsp;<\/p>\n<p>ks.Witek Bednarz<\/p>\n<p>&nbsp;<\/p>\n<p>&nbsp;<\/p>\n<p><iframe src=\"https:\/\/www.bikemap.net\/pl\/r\/4500478\/widget\/?width=425&amp;height=400&amp;unit=metric\" width=\"425\" height=\"400\" frameborder=\"0\" marginwidth=\"0\" marginheight=\"0\" scrolling=\"no\"> <\/iframe><\/p>\n<div style=\"margin: -4px 0 0 5px; height: 16px; color: #889eac; font-family: sans-serif; font-size: 11px;\"><a style=\"color: #22a9ff; text-decoration: underline;\" href=\"https:\/\/www.bikemap.net\/pl\/r\/4500478\/\" target=\"_blank\" rel=\"noopener\">Cycle Route 4500478<\/a> &#8211; via <a style=\"color: #22a9ff; text-decoration: underline;\" href=\"https:\/\/www.bikemap.net\" target=\"_blank\" rel=\"noopener\">Bikemap.net<\/a><\/div>\n<p><img data-recalc-dims=\"1\" decoding=\"async\" data-attachment-id=\"153\" data-permalink=\"https:\/\/dlazuzi.rowerowedobro.pl\/?attachment_id=153\" data-orig-file=\"https:\/\/i0.wp.com\/dlazuzi.rowerowedobro.pl\/wp-content\/uploads\/2018\/06\/35864522_1880447468672644_6102350359483645952_n-e1529608803987.png?fit=1252%2C892&amp;ssl=1\" data-orig-size=\"1252,892\" data-comments-opened=\"0\" data-image-meta=\"{&quot;aperture&quot;:&quot;0&quot;,&quot;credit&quot;:&quot;&quot;,&quot;camera&quot;:&quot;&quot;,&quot;caption&quot;:&quot;&quot;,&quot;created_timestamp&quot;:&quot;0&quot;,&quot;copyright&quot;:&quot;&quot;,&quot;focal_length&quot;:&quot;0&quot;,&quot;iso&quot;:&quot;0&quot;,&quot;shutter_speed&quot;:&quot;0&quot;,&quot;title&quot;:&quot;&quot;,&quot;orientation&quot;:&quot;0&quot;}\" data-image-title=\"35864522_1880447468672644_6102350359483645952_n\" data-image-description=\"\" data-image-caption=\"\" data-medium-file=\"https:\/\/i0.wp.com\/dlazuzi.rowerowedobro.pl\/wp-content\/uploads\/2018\/06\/35864522_1880447468672644_6102350359483645952_n-e1529608803987.png?fit=300%2C214&amp;ssl=1\" data-large-file=\"https:\/\/i0.wp.com\/dlazuzi.rowerowedobro.pl\/wp-content\/uploads\/2018\/06\/35864522_1880447468672644_6102350359483645952_n-e1529608803987.png?fit=762%2C543&amp;ssl=1\" class=\"aligncenter wp-image-153 size-large\" src=\"https:\/\/i0.wp.com\/rowerowedobro.pl\/wp-content\/uploads\/2018\/06\/35864522_1880447468672644_6102350359483645952_n-e1529608803987-1024x730.png?resize=762%2C543&#038;ssl=1\" alt=\"\" width=\"762\" height=\"543\" srcset=\"https:\/\/i0.wp.com\/dlazuzi.rowerowedobro.pl\/wp-content\/uploads\/2018\/06\/35864522_1880447468672644_6102350359483645952_n-e1529608803987.png?resize=1024%2C730&amp;ssl=1 1024w, https:\/\/i0.wp.com\/dlazuzi.rowerowedobro.pl\/wp-content\/uploads\/2018\/06\/35864522_1880447468672644_6102350359483645952_n-e1529608803987.png?resize=300%2C214&amp;ssl=1 300w, https:\/\/i0.wp.com\/dlazuzi.rowerowedobro.pl\/wp-content\/uploads\/2018\/06\/35864522_1880447468672644_6102350359483645952_n-e1529608803987.png?resize=768%2C547&amp;ssl=1 768w, https:\/\/i0.wp.com\/dlazuzi.rowerowedobro.pl\/wp-content\/uploads\/2018\/06\/35864522_1880447468672644_6102350359483645952_n-e1529608803987.png?resize=280%2C199&amp;ssl=1 280w, https:\/\/i0.wp.com\/dlazuzi.rowerowedobro.pl\/wp-content\/uploads\/2018\/06\/35864522_1880447468672644_6102350359483645952_n-e1529608803987.png?w=1252&amp;ssl=1 1252w\" sizes=\"(max-width: 762px) 100vw, 762px\" \/><\/p>\n","protected":false},"excerpt":{"rendered":"<p>Zacz\u0119\u0142o si\u0119 od modelu Wigry 3, kt\u00f3ry dosta\u0142em na I Komuni\u0119 \u015awi\u0119t\u0105. To na nim, jako dzieciak, przekroczy\u0142em barier\u0119 50 km. P\u00f3\u017aniej \u2013 ju\u017c jako doros\u0142y cz\u0142owiek \u2013 kupi\u0142em sw\u00f3j pierwszy rower. Kosztowa\u0142 230 z\u0142. To na nim \u201ep\u0119k\u0142o\u201d pierwsze 100, 200 a p\u00f3\u017aniej 300 km zrobione jednego dnia. Jestem &hellip;<\/p>\n","protected":false},"author":1,"featured_media":0,"parent":0,"menu_order":3,"comment_status":"closed","ping_status":"closed","template":"","meta":{"footnotes":""},"class_list":["post-11","page","type-page","status-publish","hentry"],"jetpack_sharing_enabled":true,"jetpack_shortlink":"https:\/\/wp.me\/Pa0ROv-b","jetpack-related-posts":[],"_links":{"self":[{"href":"https:\/\/dlazuzi.rowerowedobro.pl\/index.php?rest_route=\/wp\/v2\/pages\/11","targetHints":{"allow":["GET"]}}],"collection":[{"href":"https:\/\/dlazuzi.rowerowedobro.pl\/index.php?rest_route=\/wp\/v2\/pages"}],"about":[{"href":"https:\/\/dlazuzi.rowerowedobro.pl\/index.php?rest_route=\/wp\/v2\/types\/page"}],"author":[{"embeddable":true,"href":"https:\/\/dlazuzi.rowerowedobro.pl\/index.php?rest_route=\/wp\/v2\/users\/1"}],"replies":[{"embeddable":true,"href":"https:\/\/dlazuzi.rowerowedobro.pl\/index.php?rest_route=%2Fwp%2Fv2%2Fcomments&post=11"}],"version-history":[{"count":9,"href":"https:\/\/dlazuzi.rowerowedobro.pl\/index.php?rest_route=\/wp\/v2\/pages\/11\/revisions"}],"predecessor-version":[{"id":87,"href":"https:\/\/dlazuzi.rowerowedobro.pl\/index.php?rest_route=\/wp\/v2\/pages\/11\/revisions\/87"}],"wp:attachment":[{"href":"https:\/\/dlazuzi.rowerowedobro.pl\/index.php?rest_route=%2Fwp%2Fv2%2Fmedia&parent=11"}],"curies":[{"name":"wp","href":"https:\/\/api.w.org\/{rel}","templated":true}]}}