{"id":209,"date":"2018-06-22T14:46:44","date_gmt":"2018-06-22T14:46:44","guid":{"rendered":"https:\/\/rowerowedobro.pl\/?page_id=209"},"modified":"2018-07-06T12:15:07","modified_gmt":"2018-07-06T12:15:07","slug":"sponsorzy-i-wsolpracownicy","status":"publish","type":"page","link":"https:\/\/dlazuzi.rowerowedobro.pl\/?page_id=209","title":{"rendered":"Sponsorzy i ws\u00f3\u0142pracownicy"},"content":{"rendered":"<table style=\"border-collapse: collapse; width: 100%;\" border=\"1\">\n<tbody>\n<tr>\n<td style=\"width: 226.667px;\"><img data-recalc-dims=\"1\" decoding=\"async\" data-attachment-id=\"262\" data-permalink=\"https:\/\/dlazuzi.rowerowedobro.pl\/?attachment_id=262\" data-orig-file=\"https:\/\/i0.wp.com\/dlazuzi.rowerowedobro.pl\/wp-content\/uploads\/2018\/06\/logo-jpg.jpg?fit=1923%2C687&amp;ssl=1\" data-orig-size=\"1923,687\" data-comments-opened=\"0\" data-image-meta=\"{&quot;aperture&quot;:&quot;0&quot;,&quot;credit&quot;:&quot;&quot;,&quot;camera&quot;:&quot;&quot;,&quot;caption&quot;:&quot;&quot;,&quot;created_timestamp&quot;:&quot;0&quot;,&quot;copyright&quot;:&quot;&quot;,&quot;focal_length&quot;:&quot;0&quot;,&quot;iso&quot;:&quot;0&quot;,&quot;shutter_speed&quot;:&quot;0&quot;,&quot;title&quot;:&quot;&quot;,&quot;orientation&quot;:&quot;1&quot;}\" data-image-title=\"logo jpg\" data-image-description=\"\" data-image-caption=\"\" data-medium-file=\"https:\/\/i0.wp.com\/dlazuzi.rowerowedobro.pl\/wp-content\/uploads\/2018\/06\/logo-jpg.jpg?fit=300%2C107&amp;ssl=1\" data-large-file=\"https:\/\/i0.wp.com\/dlazuzi.rowerowedobro.pl\/wp-content\/uploads\/2018\/06\/logo-jpg.jpg?fit=762%2C272&amp;ssl=1\" class=\"wp-image-262 aligncenter\" title=\"Marta Kopiel OPTYK\" src=\"https:\/\/i0.wp.com\/rowerowedobro.pl\/wp-content\/uploads\/2018\/06\/logo-jpg.jpg?resize=243%2C87&#038;ssl=1\" alt=\"\" width=\"243\" height=\"87\" srcset=\"https:\/\/i0.wp.com\/dlazuzi.rowerowedobro.pl\/wp-content\/uploads\/2018\/06\/logo-jpg.jpg?w=1923&amp;ssl=1 1923w, https:\/\/i0.wp.com\/dlazuzi.rowerowedobro.pl\/wp-content\/uploads\/2018\/06\/logo-jpg.jpg?resize=300%2C107&amp;ssl=1 300w, https:\/\/i0.wp.com\/dlazuzi.rowerowedobro.pl\/wp-content\/uploads\/2018\/06\/logo-jpg.jpg?resize=768%2C274&amp;ssl=1 768w, https:\/\/i0.wp.com\/dlazuzi.rowerowedobro.pl\/wp-content\/uploads\/2018\/06\/logo-jpg.jpg?resize=1024%2C366&amp;ssl=1 1024w, https:\/\/i0.wp.com\/dlazuzi.rowerowedobro.pl\/wp-content\/uploads\/2018\/06\/logo-jpg.jpg?resize=280%2C100&amp;ssl=1 280w, https:\/\/i0.wp.com\/dlazuzi.rowerowedobro.pl\/wp-content\/uploads\/2018\/06\/logo-jpg.jpg?w=1524&amp;ssl=1 1524w\" sizes=\"(max-width: 243px) 100vw, 243px\" \/><\/p>\n<p style=\"text-align: center;\">Marta Kopiel<\/p>\n<p style=\"text-align: center;\">Pi\u0142sudskiego 57, Hrubiesz\u00f3w<\/p>\n<\/td>\n<td style=\"width: 226.667px;\">\n<p style=\"text-align: center;\"><img data-recalc-dims=\"1\" decoding=\"async\" data-attachment-id=\"556\" data-permalink=\"https:\/\/dlazuzi.rowerowedobro.pl\/?attachment_id=556\" data-orig-file=\"https:\/\/i0.wp.com\/dlazuzi.rowerowedobro.pl\/wp-content\/uploads\/2018\/07\/logo-czarne-dobre.jpg?fit=720%2C450&amp;ssl=1\" data-orig-size=\"720,450\" data-comments-opened=\"0\" data-image-meta=\"{&quot;aperture&quot;:&quot;0&quot;,&quot;credit&quot;:&quot;&quot;,&quot;camera&quot;:&quot;&quot;,&quot;caption&quot;:&quot;&quot;,&quot;created_timestamp&quot;:&quot;0&quot;,&quot;copyright&quot;:&quot;&quot;,&quot;focal_length&quot;:&quot;0&quot;,&quot;iso&quot;:&quot;0&quot;,&quot;shutter_speed&quot;:&quot;0&quot;,&quot;title&quot;:&quot;&quot;,&quot;orientation&quot;:&quot;0&quot;}\" data-image-title=\"logo czarne dobre\" data-image-description=\"\" data-image-caption=\"\" data-medium-file=\"https:\/\/i0.wp.com\/dlazuzi.rowerowedobro.pl\/wp-content\/uploads\/2018\/07\/logo-czarne-dobre.jpg?fit=300%2C188&amp;ssl=1\" data-large-file=\"https:\/\/i0.wp.com\/dlazuzi.rowerowedobro.pl\/wp-content\/uploads\/2018\/07\/logo-czarne-dobre.jpg?fit=720%2C450&amp;ssl=1\" class=\"alignnone wp-image-556 \" src=\"https:\/\/i0.wp.com\/rowerowedobro.pl\/wp-content\/uploads\/2018\/07\/logo-czarne-dobre.jpg?resize=163%2C102&#038;ssl=1\" alt=\"\" width=\"163\" height=\"102\" srcset=\"https:\/\/i0.wp.com\/dlazuzi.rowerowedobro.pl\/wp-content\/uploads\/2018\/07\/logo-czarne-dobre.jpg?w=720&amp;ssl=1 720w, https:\/\/i0.wp.com\/dlazuzi.rowerowedobro.pl\/wp-content\/uploads\/2018\/07\/logo-czarne-dobre.jpg?resize=300%2C188&amp;ssl=1 300w, https:\/\/i0.wp.com\/dlazuzi.rowerowedobro.pl\/wp-content\/uploads\/2018\/07\/logo-czarne-dobre.jpg?resize=280%2C175&amp;ssl=1 280w\" sizes=\"(max-width: 163px) 100vw, 163px\" \/><\/p>\n<\/td>\n<td style=\"width: 226.667px;\"><img data-recalc-dims=\"1\" decoding=\"async\" data-attachment-id=\"224\" data-permalink=\"https:\/\/dlazuzi.rowerowedobro.pl\/?attachment_id=224\" data-orig-file=\"https:\/\/i0.wp.com\/dlazuzi.rowerowedobro.pl\/wp-content\/uploads\/2018\/06\/Foto-Wrzos.jpg?fit=740%2C366&amp;ssl=1\" data-orig-size=\"740,366\" data-comments-opened=\"0\" data-image-meta=\"{&quot;aperture&quot;:&quot;0&quot;,&quot;credit&quot;:&quot;&quot;,&quot;camera&quot;:&quot;&quot;,&quot;caption&quot;:&quot;&quot;,&quot;created_timestamp&quot;:&quot;0&quot;,&quot;copyright&quot;:&quot;&quot;,&quot;focal_length&quot;:&quot;0&quot;,&quot;iso&quot;:&quot;0&quot;,&quot;shutter_speed&quot;:&quot;0&quot;,&quot;title&quot;:&quot;&quot;,&quot;orientation&quot;:&quot;1&quot;}\" data-image-title=\"Foto Wrzos\" data-image-description=\"\" data-image-caption=\"\" data-medium-file=\"https:\/\/i0.wp.com\/dlazuzi.rowerowedobro.pl\/wp-content\/uploads\/2018\/06\/Foto-Wrzos.jpg?fit=300%2C148&amp;ssl=1\" data-large-file=\"https:\/\/i0.wp.com\/dlazuzi.rowerowedobro.pl\/wp-content\/uploads\/2018\/06\/Foto-Wrzos.jpg?fit=740%2C366&amp;ssl=1\" class=\"wp-image-224 aligncenter\" src=\"https:\/\/i0.wp.com\/rowerowedobro.pl\/wp-content\/uploads\/2018\/06\/Foto-Wrzos.jpg?resize=156%2C77&#038;ssl=1\" alt=\"\" width=\"156\" height=\"77\" srcset=\"https:\/\/i0.wp.com\/dlazuzi.rowerowedobro.pl\/wp-content\/uploads\/2018\/06\/Foto-Wrzos.jpg?w=740&amp;ssl=1 740w, https:\/\/i0.wp.com\/dlazuzi.rowerowedobro.pl\/wp-content\/uploads\/2018\/06\/Foto-Wrzos.jpg?resize=300%2C148&amp;ssl=1 300w, https:\/\/i0.wp.com\/dlazuzi.rowerowedobro.pl\/wp-content\/uploads\/2018\/06\/Foto-Wrzos.jpg?resize=280%2C138&amp;ssl=1 280w\" sizes=\"(max-width: 156px) 100vw, 156px\" \/><\/p>\n<p style=\"text-align: center;\">Partyzant\u00f3w 9, Hrubiesz\u00f3w<\/p>\n<\/td>\n<\/tr>\n<tr>\n<td style=\"width: 226.667px;\">\n<p style=\"text-align: center;\"><a href=\"http:\/\/LUBIEHRUBIE.PL\"><img data-recalc-dims=\"1\" loading=\"lazy\" decoding=\"async\" data-attachment-id=\"325\" data-permalink=\"https:\/\/dlazuzi.rowerowedobro.pl\/?attachment_id=325\" data-orig-file=\"https:\/\/i0.wp.com\/dlazuzi.rowerowedobro.pl\/wp-content\/uploads\/2018\/06\/lh.png?fit=450%2C112&amp;ssl=1\" data-orig-size=\"450,112\" data-comments-opened=\"0\" data-image-meta=\"{&quot;aperture&quot;:&quot;0&quot;,&quot;credit&quot;:&quot;&quot;,&quot;camera&quot;:&quot;&quot;,&quot;caption&quot;:&quot;&quot;,&quot;created_timestamp&quot;:&quot;0&quot;,&quot;copyright&quot;:&quot;&quot;,&quot;focal_length&quot;:&quot;0&quot;,&quot;iso&quot;:&quot;0&quot;,&quot;shutter_speed&quot;:&quot;0&quot;,&quot;title&quot;:&quot;&quot;,&quot;orientation&quot;:&quot;0&quot;}\" data-image-title=\"lh\" data-image-description=\"\" data-image-caption=\"\" data-medium-file=\"https:\/\/i0.wp.com\/dlazuzi.rowerowedobro.pl\/wp-content\/uploads\/2018\/06\/lh.png?fit=300%2C75&amp;ssl=1\" data-large-file=\"https:\/\/i0.wp.com\/dlazuzi.rowerowedobro.pl\/wp-content\/uploads\/2018\/06\/lh.png?fit=450%2C112&amp;ssl=1\" class=\"wp-image-325 aligncenter\" src=\"https:\/\/i0.wp.com\/rowerowedobro.pl\/wp-content\/uploads\/2018\/06\/lh.png?resize=250%2C62&#038;ssl=1\" alt=\"\" width=\"250\" height=\"62\" srcset=\"https:\/\/i0.wp.com\/dlazuzi.rowerowedobro.pl\/wp-content\/uploads\/2018\/06\/lh.png?w=450&amp;ssl=1 450w, https:\/\/i0.wp.com\/dlazuzi.rowerowedobro.pl\/wp-content\/uploads\/2018\/06\/lh.png?resize=300%2C75&amp;ssl=1 300w, https:\/\/i0.wp.com\/dlazuzi.rowerowedobro.pl\/wp-content\/uploads\/2018\/06\/lh.png?resize=280%2C70&amp;ssl=1 280w\" sizes=\"(max-width: 250px) 100vw, 250px\" \/><\/a>PATRONAT MEDIALNY<\/p>\n<\/td>\n<td style=\"width: 226.667px;\">\n<p style=\"text-align: center;\"><a href=\"https:\/\/sendpol24.pl\"><img data-recalc-dims=\"1\" loading=\"lazy\" decoding=\"async\" data-attachment-id=\"198\" data-permalink=\"https:\/\/dlazuzi.rowerowedobro.pl\/?attachment_id=198\" data-orig-file=\"https:\/\/i0.wp.com\/dlazuzi.rowerowedobro.pl\/wp-content\/uploads\/2018\/06\/male.png?fit=800%2C170&amp;ssl=1\" data-orig-size=\"800,170\" data-comments-opened=\"0\" data-image-meta=\"{&quot;aperture&quot;:&quot;0&quot;,&quot;credit&quot;:&quot;&quot;,&quot;camera&quot;:&quot;&quot;,&quot;caption&quot;:&quot;&quot;,&quot;created_timestamp&quot;:&quot;0&quot;,&quot;copyright&quot;:&quot;&quot;,&quot;focal_length&quot;:&quot;0&quot;,&quot;iso&quot;:&quot;0&quot;,&quot;shutter_speed&quot;:&quot;0&quot;,&quot;title&quot;:&quot;&quot;,&quot;orientation&quot;:&quot;0&quot;}\" data-image-title=\"-male\" data-image-description=\"\" data-image-caption=\"\" data-medium-file=\"https:\/\/i0.wp.com\/dlazuzi.rowerowedobro.pl\/wp-content\/uploads\/2018\/06\/male.png?fit=300%2C64&amp;ssl=1\" data-large-file=\"https:\/\/i0.wp.com\/dlazuzi.rowerowedobro.pl\/wp-content\/uploads\/2018\/06\/male.png?fit=762%2C162&amp;ssl=1\" class=\"wp-image-198 aligncenter\" src=\"https:\/\/i0.wp.com\/rowerowedobro.pl\/wp-content\/uploads\/2018\/06\/male.png?resize=237%2C50&#038;ssl=1\" alt=\"\" width=\"237\" height=\"50\" srcset=\"https:\/\/i0.wp.com\/dlazuzi.rowerowedobro.pl\/wp-content\/uploads\/2018\/06\/male.png?w=800&amp;ssl=1 800w, https:\/\/i0.wp.com\/dlazuzi.rowerowedobro.pl\/wp-content\/uploads\/2018\/06\/male.png?resize=300%2C64&amp;ssl=1 300w, https:\/\/i0.wp.com\/dlazuzi.rowerowedobro.pl\/wp-content\/uploads\/2018\/06\/male.png?resize=768%2C163&amp;ssl=1 768w, https:\/\/i0.wp.com\/dlazuzi.rowerowedobro.pl\/wp-content\/uploads\/2018\/06\/male.png?resize=280%2C60&amp;ssl=1 280w\" sizes=\"(max-width: 237px) 100vw, 237px\" \/><\/a>www.sendpol24.pl<\/p>\n<\/td>\n<td style=\"width: 226.667px;\">Miejsce dla Twojej firmy<\/td>\n<\/tr>\n<\/tbody>\n<\/table>\n","protected":false},"excerpt":{"rendered":"<p>Marta Kopiel Pi\u0142sudskiego 57, Hrubiesz\u00f3w Partyzant\u00f3w 9, Hrubiesz\u00f3w PATRONAT MEDIALNY www.sendpol24.pl Miejsce dla Twojej firmy<\/p>\n","protected":false},"author":1,"featured_media":0,"parent":0,"menu_order":99,"comment_status":"closed","ping_status":"closed","template":"","meta":{"footnotes":""},"class_list":["post-209","page","type-page","status-publish","hentry"],"jetpack_sharing_enabled":true,"jetpack_shortlink":"https:\/\/wp.me\/Pa0ROv-3n","jetpack-related-posts":[],"_links":{"self":[{"href":"https:\/\/dlazuzi.rowerowedobro.pl\/index.php?rest_route=\/wp\/v2\/pages\/209","targetHints":{"allow":["GET"]}}],"collection":[{"href":"https:\/\/dlazuzi.rowerowedobro.pl\/index.php?rest_route=\/wp\/v2\/pages"}],"about":[{"href":"https:\/\/dlazuzi.rowerowedobro.pl\/index.php?rest_route=\/wp\/v2\/types\/page"}],"author":[{"embeddable":true,"href":"https:\/\/dlazuzi.rowerowedobro.pl\/index.php?rest_route=\/wp\/v2\/users\/1"}],"replies":[{"embeddable":true,"href":"https:\/\/dlazuzi.rowerowedobro.pl\/index.php?rest_route=%2Fwp%2Fv2%2Fcomments&post=209"}],"version-history":[{"count":16,"href":"https:\/\/dlazuzi.rowerowedobro.pl\/index.php?rest_route=\/wp\/v2\/pages\/209\/revisions"}],"predecessor-version":[{"id":557,"href":"https:\/\/dlazuzi.rowerowedobro.pl\/index.php?rest_route=\/wp\/v2\/pages\/209\/revisions\/557"}],"wp:attachment":[{"href":"https:\/\/dlazuzi.rowerowedobro.pl\/index.php?rest_route=%2Fwp%2Fv2%2Fmedia&parent=209"}],"curies":[{"name":"wp","href":"https:\/\/api.w.org\/{rel}","templated":true}]}}