{"id":26,"date":"2018-06-19T10:36:28","date_gmt":"2018-06-19T10:36:28","guid":{"rendered":"http:\/\/rowerowedobro.pl\/?page_id=26"},"modified":"2018-06-21T18:12:30","modified_gmt":"2018-06-21T18:12:30","slug":"dla-kogo","status":"publish","type":"page","link":"https:\/\/dlazuzi.rowerowedobro.pl\/?page_id=26","title":{"rendered":"Dla kogo ?"},"content":{"rendered":"<p><img data-recalc-dims=\"1\" fetchpriority=\"high\" decoding=\"async\" data-attachment-id=\"77\" data-permalink=\"https:\/\/dlazuzi.rowerowedobro.pl\/?attachment_id=77\" data-orig-file=\"https:\/\/i0.wp.com\/dlazuzi.rowerowedobro.pl\/wp-content\/uploads\/2018\/06\/35525318_1708428319204803_5743612073623945216_n.jpg?fit=2048%2C1557&amp;ssl=1\" data-orig-size=\"2048,1557\" data-comments-opened=\"0\" data-image-meta=\"{&quot;aperture&quot;:&quot;0&quot;,&quot;credit&quot;:&quot;&quot;,&quot;camera&quot;:&quot;&quot;,&quot;caption&quot;:&quot;&quot;,&quot;created_timestamp&quot;:&quot;0&quot;,&quot;copyright&quot;:&quot;&quot;,&quot;focal_length&quot;:&quot;0&quot;,&quot;iso&quot;:&quot;0&quot;,&quot;shutter_speed&quot;:&quot;0&quot;,&quot;title&quot;:&quot;&quot;,&quot;orientation&quot;:&quot;0&quot;}\" data-image-title=\"35525318_1708428319204803_5743612073623945216_n\" data-image-description=\"\" data-image-caption=\"\" data-medium-file=\"https:\/\/i0.wp.com\/dlazuzi.rowerowedobro.pl\/wp-content\/uploads\/2018\/06\/35525318_1708428319204803_5743612073623945216_n.jpg?fit=300%2C228&amp;ssl=1\" data-large-file=\"https:\/\/i0.wp.com\/dlazuzi.rowerowedobro.pl\/wp-content\/uploads\/2018\/06\/35525318_1708428319204803_5743612073623945216_n.jpg?fit=762%2C580&amp;ssl=1\" class=\"size-medium wp-image-77 alignleft\" src=\"https:\/\/i0.wp.com\/rowerowedobro.pl\/wp-content\/uploads\/2018\/06\/35525318_1708428319204803_5743612073623945216_n-300x228.jpg?resize=300%2C228&#038;ssl=1\" alt=\"\" width=\"300\" height=\"228\" srcset=\"https:\/\/i0.wp.com\/dlazuzi.rowerowedobro.pl\/wp-content\/uploads\/2018\/06\/35525318_1708428319204803_5743612073623945216_n.jpg?resize=300%2C228&amp;ssl=1 300w, https:\/\/i0.wp.com\/dlazuzi.rowerowedobro.pl\/wp-content\/uploads\/2018\/06\/35525318_1708428319204803_5743612073623945216_n.jpg?resize=768%2C584&amp;ssl=1 768w, https:\/\/i0.wp.com\/dlazuzi.rowerowedobro.pl\/wp-content\/uploads\/2018\/06\/35525318_1708428319204803_5743612073623945216_n.jpg?resize=1024%2C779&amp;ssl=1 1024w, https:\/\/i0.wp.com\/dlazuzi.rowerowedobro.pl\/wp-content\/uploads\/2018\/06\/35525318_1708428319204803_5743612073623945216_n.jpg?resize=280%2C213&amp;ssl=1 280w, https:\/\/i0.wp.com\/dlazuzi.rowerowedobro.pl\/wp-content\/uploads\/2018\/06\/35525318_1708428319204803_5743612073623945216_n.jpg?w=2048&amp;ssl=1 2048w, https:\/\/i0.wp.com\/dlazuzi.rowerowedobro.pl\/wp-content\/uploads\/2018\/06\/35525318_1708428319204803_5743612073623945216_n.jpg?w=1524&amp;ssl=1 1524w\" sizes=\"(max-width: 300px) 100vw, 300px\" \/><strong>ZUZANNA URBANIAK<\/strong><\/p>\n<p>Witamy jeste\u015bmy rodzicami Zuzanny Urbaniak, kt\u00f3ra urodzi\u0142a si\u0119 w 33 tygodniu ci\u0105\u017cy wa\u017c\u0105c tylko 1510 g. Urodzi\u0142a si\u0119 przez cesarskie ci\u0119cie w zamartwicy dosta\u0142a tylko 4 punkty Apgar nie oddycha\u0142a samodzielnie od razu by\u0142a intubowana i pod\u0142\u0105czona do respiratora, ja jako matka zobaczy\u0142am Zuzi\u0119 po raz pierwszy 2 tygodnie po urodzeniu, gdy\u017c natychmiast zosta\u0142a przetransportowana do Uniwersyteckiego Szpitala Dzieci\u0119cego oddalonego o 120 km. W <span class=\"text_exposed_show\">Uniwersyteckim Szpitalu Dzieci\u0119cym stwierdzono u Zuzi posocznic\u0119 wrodzon\u0105, drgawki noworodka ,wrodzone zapalenie p\u0142uc, niewydolno\u015b\u0107 oddechow\u0105, <img data-recalc-dims=\"1\" decoding=\"async\" data-attachment-id=\"108\" data-permalink=\"https:\/\/dlazuzi.rowerowedobro.pl\/?attachment_id=108\" data-orig-file=\"https:\/\/i0.wp.com\/dlazuzi.rowerowedobro.pl\/wp-content\/uploads\/2018\/06\/35894317_2055682758027288_6989159422756913152_n.jpg?fit=2069%2C2876&amp;ssl=1\" data-orig-size=\"2069,2876\" data-comments-opened=\"0\" data-image-meta=\"{&quot;aperture&quot;:&quot;0&quot;,&quot;credit&quot;:&quot;&quot;,&quot;camera&quot;:&quot;&quot;,&quot;caption&quot;:&quot;&quot;,&quot;created_timestamp&quot;:&quot;0&quot;,&quot;copyright&quot;:&quot;&quot;,&quot;focal_length&quot;:&quot;0&quot;,&quot;iso&quot;:&quot;0&quot;,&quot;shutter_speed&quot;:&quot;0&quot;,&quot;title&quot;:&quot;&quot;,&quot;orientation&quot;:&quot;0&quot;}\" data-image-title=\"35894317_2055682758027288_6989159422756913152_n\" data-image-description=\"\" data-image-caption=\"\" data-medium-file=\"https:\/\/i0.wp.com\/dlazuzi.rowerowedobro.pl\/wp-content\/uploads\/2018\/06\/35894317_2055682758027288_6989159422756913152_n.jpg?fit=216%2C300&amp;ssl=1\" data-large-file=\"https:\/\/i0.wp.com\/dlazuzi.rowerowedobro.pl\/wp-content\/uploads\/2018\/06\/35894317_2055682758027288_6989159422756913152_n.jpg?fit=737%2C1024&amp;ssl=1\" class=\"wp-image-108 size-medium alignright\" src=\"https:\/\/i0.wp.com\/rowerowedobro.pl\/wp-content\/uploads\/2018\/06\/35894317_2055682758027288_6989159422756913152_n-216x300.jpg?resize=216%2C300&#038;ssl=1\" alt=\"\" width=\"216\" height=\"300\" srcset=\"https:\/\/i0.wp.com\/dlazuzi.rowerowedobro.pl\/wp-content\/uploads\/2018\/06\/35894317_2055682758027288_6989159422756913152_n.jpg?resize=216%2C300&amp;ssl=1 216w, https:\/\/i0.wp.com\/dlazuzi.rowerowedobro.pl\/wp-content\/uploads\/2018\/06\/35894317_2055682758027288_6989159422756913152_n.jpg?resize=768%2C1068&amp;ssl=1 768w, https:\/\/i0.wp.com\/dlazuzi.rowerowedobro.pl\/wp-content\/uploads\/2018\/06\/35894317_2055682758027288_6989159422756913152_n.jpg?resize=737%2C1024&amp;ssl=1 737w, https:\/\/i0.wp.com\/dlazuzi.rowerowedobro.pl\/wp-content\/uploads\/2018\/06\/35894317_2055682758027288_6989159422756913152_n.jpg?w=1524&amp;ssl=1 1524w\" sizes=\"(max-width: 216px) 100vw, 216px\" \/>niewydolno\u015b\u0107 kr\u0105\u017ceniow\u0105, niewydolno\u015b\u0107 nerek og\u00f3lny obrz\u0119k ca\u0142ego cia\u0142a spowodowany chorob\u0105 hemolityczn\u0105, zaburzenia w uk\u0142adzie hemostazy, trombocytopenia. Lekarze nie dawali jej du\u017cych szans na prze\u017cycie a Zuzia walczy\u0142a, chocia\u017c 3 tygodnie po urodzeniu dosta\u0142a wylewu krwi do m\u00f3zgu 4 stopnia wynikiem czego powsta\u0142 krwiak, kt\u00f3ry musia\u0142 by\u0107 usuni\u0119ty operacyjnie. My\u015bleli\u015bmy, \u017ce to ju\u017c koniec niespodzianek, ale o<\/span><span class=\"text_exposed_show\">kaza\u0142o si\u0119 \u017ce r\u00f3wnie\u017c ma cholestaze wewn\u0105trz w\u0105trobowa. Kilka dni po udanym zabiegu Zuzia zosta\u0142a przekazana na oddzia\u0142 Patologi Noworodka nadal przebywaj\u0105c w inkubatorze. Na oddziale noworodka przeprowadzono badanie okulistyczne pod kontem retinopatii wcze\u015bniaczej i niestety musia\u0142a przej\u015b\u0107 kolejny zabieg na oczka znowu daleko od nas bo w \u0141odzi. Po wyj\u015bciu ze szpitala Zuzia jest pod opiek\u0105 wielu poradni specjalistycznych, gdzie stwierdzono u nie<\/span><span class=\"text_exposed_show\"><img data-recalc-dims=\"1\" decoding=\"async\" data-attachment-id=\"109\" data-permalink=\"https:\/\/dlazuzi.rowerowedobro.pl\/?attachment_id=109\" data-orig-file=\"https:\/\/i0.wp.com\/dlazuzi.rowerowedobro.pl\/wp-content\/uploads\/2018\/06\/35839129_2055682481360649_8875837589798518784_n.jpg?fit=2004%2C2593&amp;ssl=1\" data-orig-size=\"2004,2593\" data-comments-opened=\"0\" data-image-meta=\"{&quot;aperture&quot;:&quot;0&quot;,&quot;credit&quot;:&quot;&quot;,&quot;camera&quot;:&quot;&quot;,&quot;caption&quot;:&quot;&quot;,&quot;created_timestamp&quot;:&quot;0&quot;,&quot;copyright&quot;:&quot;&quot;,&quot;focal_length&quot;:&quot;0&quot;,&quot;iso&quot;:&quot;0&quot;,&quot;shutter_speed&quot;:&quot;0&quot;,&quot;title&quot;:&quot;&quot;,&quot;orientation&quot;:&quot;0&quot;}\" data-image-title=\"35839129_2055682481360649_8875837589798518784_n\" data-image-description=\"\" data-image-caption=\"\" data-medium-file=\"https:\/\/i0.wp.com\/dlazuzi.rowerowedobro.pl\/wp-content\/uploads\/2018\/06\/35839129_2055682481360649_8875837589798518784_n.jpg?fit=232%2C300&amp;ssl=1\" data-large-file=\"https:\/\/i0.wp.com\/dlazuzi.rowerowedobro.pl\/wp-content\/uploads\/2018\/06\/35839129_2055682481360649_8875837589798518784_n.jpg?fit=762%2C986&amp;ssl=1\" class=\"wp-image-109 size-medium alignleft\" src=\"https:\/\/i0.wp.com\/rowerowedobro.pl\/wp-content\/uploads\/2018\/06\/35839129_2055682481360649_8875837589798518784_n-232x300.jpg?resize=232%2C300&#038;ssl=1\" alt=\"\" width=\"232\" height=\"300\" srcset=\"https:\/\/i0.wp.com\/dlazuzi.rowerowedobro.pl\/wp-content\/uploads\/2018\/06\/35839129_2055682481360649_8875837589798518784_n.jpg?resize=232%2C300&amp;ssl=1 232w, https:\/\/i0.wp.com\/dlazuzi.rowerowedobro.pl\/wp-content\/uploads\/2018\/06\/35839129_2055682481360649_8875837589798518784_n.jpg?resize=768%2C994&amp;ssl=1 768w, https:\/\/i0.wp.com\/dlazuzi.rowerowedobro.pl\/wp-content\/uploads\/2018\/06\/35839129_2055682481360649_8875837589798518784_n.jpg?resize=791%2C1024&amp;ssl=1 791w, https:\/\/i0.wp.com\/dlazuzi.rowerowedobro.pl\/wp-content\/uploads\/2018\/06\/35839129_2055682481360649_8875837589798518784_n.jpg?w=2004&amp;ssl=1 2004w, https:\/\/i0.wp.com\/dlazuzi.rowerowedobro.pl\/wp-content\/uploads\/2018\/06\/35839129_2055682481360649_8875837589798518784_n.jpg?w=1524&amp;ssl=1 1524w\" sizes=\"(max-width: 232px) 100vw, 232px\" \/><\/span><span class=\"text_exposed_show\">j M\u00f3zgowe Pora\u017cenie Dzieci\u0119ce z niedow\u0142adem lewej strony. Zuzia potrzebuje ca\u0142y czas rehabilitacji na, kt\u00f3r\u0105 nie mo\u017cemy sobie pozwoli\u0107 ze wzgl\u0119du trudn\u0105 sytuacj\u0119 materialn\u0105, dlatego prosimy o dowoln\u0105 darowizn\u0119.<\/span><\/p>\n<div class=\"text_exposed_show\">\n<p><strong>Przeka\u017c 1% podatku na Fundacj\u0119 Pomocy Osobom Niepe\u0142nosprawnym \u201eS\u0141ONECZKO\u201d<\/strong><\/p>\n<p><strong>Nr KRS 0000186434<\/strong><\/p>\n<p><strong>Cel szczeg\u00f3\u0142owy Zuzanna Urbaniak Nr subkonta 43\/U<\/strong><\/p>\n<p><strong>Poza przekazaniem 1% mo\u017cna r\u00f3wnie\u017c dokona\u0107 innych wp\u0142at \u2013 darowizna na konto<\/strong><\/p>\n<p><strong>89 8944 0003 0000 2088 2000 0010<\/strong><\/p>\n<p><strong>Z dopiskiem rehabilitacja i leczenie Zuzanny Urbaniak &#8211; 43\/U<\/strong><\/p>\n<\/div>\n","protected":false},"excerpt":{"rendered":"<p>ZUZANNA URBANIAK Witamy jeste\u015bmy rodzicami Zuzanny Urbaniak, kt\u00f3ra urodzi\u0142a si\u0119 w 33 tygodniu ci\u0105\u017cy wa\u017c\u0105c tylko 1510 g. Urodzi\u0142a si\u0119 przez cesarskie ci\u0119cie w zamartwicy dosta\u0142a tylko 4 punkty Apgar nie oddycha\u0142a samodzielnie od razu by\u0142a intubowana i pod\u0142\u0105czona do respiratora, ja jako matka zobaczy\u0142am Zuzi\u0119 po raz pierwszy 2 &hellip;<\/p>\n","protected":false},"author":1,"featured_media":0,"parent":0,"menu_order":2,"comment_status":"closed","ping_status":"closed","template":"","meta":{"footnotes":""},"class_list":["post-26","page","type-page","status-publish","hentry"],"jetpack_sharing_enabled":true,"jetpack_shortlink":"https:\/\/wp.me\/Pa0ROv-q","jetpack-related-posts":[],"_links":{"self":[{"href":"https:\/\/dlazuzi.rowerowedobro.pl\/index.php?rest_route=\/wp\/v2\/pages\/26","targetHints":{"allow":["GET"]}}],"collection":[{"href":"https:\/\/dlazuzi.rowerowedobro.pl\/index.php?rest_route=\/wp\/v2\/pages"}],"about":[{"href":"https:\/\/dlazuzi.rowerowedobro.pl\/index.php?rest_route=\/wp\/v2\/types\/page"}],"author":[{"embeddable":true,"href":"https:\/\/dlazuzi.rowerowedobro.pl\/index.php?rest_route=\/wp\/v2\/users\/1"}],"replies":[{"embeddable":true,"href":"https:\/\/dlazuzi.rowerowedobro.pl\/index.php?rest_route=%2Fwp%2Fv2%2Fcomments&post=26"}],"version-history":[{"count":7,"href":"https:\/\/dlazuzi.rowerowedobro.pl\/index.php?rest_route=\/wp\/v2\/pages\/26\/revisions"}],"predecessor-version":[{"id":141,"href":"https:\/\/dlazuzi.rowerowedobro.pl\/index.php?rest_route=\/wp\/v2\/pages\/26\/revisions\/141"}],"wp:attachment":[{"href":"https:\/\/dlazuzi.rowerowedobro.pl\/index.php?rest_route=%2Fwp%2Fv2%2Fmedia&parent=26"}],"curies":[{"name":"wp","href":"https:\/\/api.w.org\/{rel}","templated":true}]}}