{"id":558,"date":"2018-07-06T12:18:03","date_gmt":"2018-07-06T12:18:03","guid":{"rendered":"https:\/\/rowerowedobro.pl\/?page_id=558"},"modified":"2018-07-06T12:18:55","modified_gmt":"2018-07-06T12:18:55","slug":"kilka-slow-o-rodzinie-zuzi","status":"publish","type":"page","link":"https:\/\/dlazuzi.rowerowedobro.pl\/?page_id=558","title":{"rendered":"Kilka s\u0142\u00f3w o rodzinie Zuzi"},"content":{"rendered":"<p><img data-recalc-dims=\"1\" fetchpriority=\"high\" decoding=\"async\" data-attachment-id=\"77\" data-permalink=\"https:\/\/dlazuzi.rowerowedobro.pl\/?attachment_id=77\" data-orig-file=\"https:\/\/i0.wp.com\/dlazuzi.rowerowedobro.pl\/wp-content\/uploads\/2018\/06\/35525318_1708428319204803_5743612073623945216_n.jpg?fit=2048%2C1557&amp;ssl=1\" data-orig-size=\"2048,1557\" data-comments-opened=\"0\" data-image-meta=\"{&quot;aperture&quot;:&quot;0&quot;,&quot;credit&quot;:&quot;&quot;,&quot;camera&quot;:&quot;&quot;,&quot;caption&quot;:&quot;&quot;,&quot;created_timestamp&quot;:&quot;0&quot;,&quot;copyright&quot;:&quot;&quot;,&quot;focal_length&quot;:&quot;0&quot;,&quot;iso&quot;:&quot;0&quot;,&quot;shutter_speed&quot;:&quot;0&quot;,&quot;title&quot;:&quot;&quot;,&quot;orientation&quot;:&quot;0&quot;}\" data-image-title=\"35525318_1708428319204803_5743612073623945216_n\" data-image-description=\"\" data-image-caption=\"\" data-medium-file=\"https:\/\/i0.wp.com\/dlazuzi.rowerowedobro.pl\/wp-content\/uploads\/2018\/06\/35525318_1708428319204803_5743612073623945216_n.jpg?fit=300%2C228&amp;ssl=1\" data-large-file=\"https:\/\/i0.wp.com\/dlazuzi.rowerowedobro.pl\/wp-content\/uploads\/2018\/06\/35525318_1708428319204803_5743612073623945216_n.jpg?fit=762%2C580&amp;ssl=1\" class=\"wp-image-77 size-medium alignleft\" src=\"https:\/\/i0.wp.com\/rowerowedobro.pl\/wp-content\/uploads\/2018\/06\/35525318_1708428319204803_5743612073623945216_n-300x228.jpg?resize=300%2C228&#038;ssl=1\" alt=\"\" width=\"300\" height=\"228\" srcset=\"https:\/\/i0.wp.com\/dlazuzi.rowerowedobro.pl\/wp-content\/uploads\/2018\/06\/35525318_1708428319204803_5743612073623945216_n.jpg?resize=300%2C228&amp;ssl=1 300w, https:\/\/i0.wp.com\/dlazuzi.rowerowedobro.pl\/wp-content\/uploads\/2018\/06\/35525318_1708428319204803_5743612073623945216_n.jpg?resize=768%2C584&amp;ssl=1 768w, https:\/\/i0.wp.com\/dlazuzi.rowerowedobro.pl\/wp-content\/uploads\/2018\/06\/35525318_1708428319204803_5743612073623945216_n.jpg?resize=1024%2C779&amp;ssl=1 1024w, https:\/\/i0.wp.com\/dlazuzi.rowerowedobro.pl\/wp-content\/uploads\/2018\/06\/35525318_1708428319204803_5743612073623945216_n.jpg?resize=280%2C213&amp;ssl=1 280w, https:\/\/i0.wp.com\/dlazuzi.rowerowedobro.pl\/wp-content\/uploads\/2018\/06\/35525318_1708428319204803_5743612073623945216_n.jpg?w=2048&amp;ssl=1 2048w, https:\/\/i0.wp.com\/dlazuzi.rowerowedobro.pl\/wp-content\/uploads\/2018\/06\/35525318_1708428319204803_5743612073623945216_n.jpg?w=1524&amp;ssl=1 1524w\" sizes=\"(max-width: 300px) 100vw, 300px\" \/>O Zuzi i jej stanie zdrowia wiemy wszystko, no prawie wszystko, przecie\u017c sytuacja jest nazwijmy to\u2026 rozwojowa. Ka\u017cdy dzie\u0144 przynosi co\u015b nowego, jak\u0105\u015b zmian\u0119\u2026 Niezwykle istotna na chwil\u0119 obecn\u0105 jest rehabilitacja Zuzi, aby w przysz\u0142o\u015bci mog\u0142a \u017cy\u0107 pe\u0142ni\u0105 \u017cycia. A\u00a0szanse s\u0105 olbrzymie!!! Szczeg\u00f3lnie istotne dla rozwoju o\u015brodkowego uk\u0142adu nerwowego s\u0105 pierwsze 3 lata \u017cycia. W ci\u0105gu 1 roku \u017cycia dziecka wielko\u015b\u0107 jego m\u00f3zgu zwi\u0119ksza si\u0119 prawie trzykrotnie, by w wieku 5 lat osi\u0105gn\u0105\u0107 wag\u0119 m\u00f3zgu osoby doros\u0142ej.\u00a0W ci\u0105gu pierwszych 2 lat \u017cycia w m\u00f3zgu dziecka w ka\u017cdej sekundzie tworz\u0105 si\u0119 dwa miliony nowych po\u0142\u0105cze\u0144. <strong>Szczeg\u00f3lnie intensywny rozw\u00f3j m\u00f3zgu zachodz\u0105cy w czasie pierwszych 3 lat \u017cycia wp\u0142ywa na\u00a0ca\u0142e przysz\u0142e \u017cycia dziecka!!!<\/strong><\/p>\n<p>Namacalnym dowodem na to, jakie cudowne efekty przynosi rehabilitacja dziecka jest tata Zuzi, Pan Andrzej, kt\u00f3ry tak jak Zuzia od urodzenia cierpi na dzieci\u0119ce pora\u017cenie m\u00f3zgowe. W wieku 3 lat przeszed\u0142 wylew krwi do m\u00f3zgu konsekwencj\u0105 czego jest prawostronny niedow\u0142ad oraz epilepsja. Rodzice pana Andrzej wbrew diagnozom i rokowaniom lekarzy nie\u00a0poddawali si\u0119 i walczyli, walczyli o lepsz\u0105 przysz\u0142o\u015b\u0107 dla syna. I uda\u0142o si\u0119! Pan Andrzej sko\u0144czy\u0142 najpierw szko\u0142\u0119 \u015bredni\u0105, nast\u0119pnie studia,\u00a0 podj\u0105\u0142 prac\u0119 zawodow\u0105 (jest urz\u0119dnikiem) i za\u0142o\u017cy\u0142 rodzin\u0119. W rozmowie podkre\u015bla bardzo mocno, \u017ce wszystko zawdzi\u0119cza swoim rodzicom, za co jest niezmiernie wdzi\u0119czny.<\/p>\n<p>M\u00f3wi\u0105, \u017ce w \u017cyciu nie ma przypadk\u00f3w, \u017ce przypadki s\u0105 tylko w gramatyce\u2026 \u017bona pana Andrzeja, Pani Ania, jedyna w pe\u0142ni zdrowa osoba w tej rodzinie,\u00a0 uko\u0144czy\u0142a studium medyczne ze specjalno\u015bci\u0105 opiekun i do czasu narodzin Zuzi pracowa\u0142a w przedszkolu integracyjnym. Tutaj zdoby\u0142a ogromne do\u015bwiadczenie w pracy i opiece nad osobami niepe\u0142nosprawnymi, kt\u00f3re teraz okazuje si\u0119 bezcenne. Sytuacja rodzinna, czyli stan zdrowia dzieci zw\u0142aszcza Zuzi, wp\u0142yn\u0119\u0142a na trudn\u0105, ale konieczna decyzj\u0119\u2026 Pani Ania zrezygnowa\u0142a z\u00a0pracy zawodowej, aby w pe\u0142ni zaj\u0105\u0107 si\u0119 dzie\u0107mi.<\/p>\n<p>Oskar, brat Zuzi, sko\u0144czy\u0142 w\u0142a\u015bnie pierwsz\u0105 klas\u0119. Jest niezwykle inteligentnym i wra\u017cliwym ch\u0142opcem, kt\u00f3rego los r\u00f3wnie\u017c nie oszcz\u0119dzi\u0142. Ma powa\u017cane <img data-recalc-dims=\"1\" decoding=\"async\" data-attachment-id=\"166\" data-permalink=\"https:\/\/dlazuzi.rowerowedobro.pl\/?attachment_id=166\" data-orig-file=\"https:\/\/i0.wp.com\/dlazuzi.rowerowedobro.pl\/wp-content\/uploads\/2018\/06\/IMG_2076.jpg?fit=2069%2C2876&amp;ssl=1\" data-orig-size=\"2069,2876\" data-comments-opened=\"0\" data-image-meta=\"{&quot;aperture&quot;:&quot;6.3&quot;,&quot;credit&quot;:&quot;&quot;,&quot;camera&quot;:&quot;Canon EOS 5D Mark IV&quot;,&quot;caption&quot;:&quot;&quot;,&quot;created_timestamp&quot;:&quot;1529510031&quot;,&quot;copyright&quot;:&quot;&quot;,&quot;focal_length&quot;:&quot;35&quot;,&quot;iso&quot;:&quot;100&quot;,&quot;shutter_speed&quot;:&quot;0.01&quot;,&quot;title&quot;:&quot;&quot;,&quot;orientation&quot;:&quot;0&quot;}\" data-image-title=\"IMG_2076\" data-image-description=\"\" data-image-caption=\"\" data-medium-file=\"https:\/\/i0.wp.com\/dlazuzi.rowerowedobro.pl\/wp-content\/uploads\/2018\/06\/IMG_2076.jpg?fit=216%2C300&amp;ssl=1\" data-large-file=\"https:\/\/i0.wp.com\/dlazuzi.rowerowedobro.pl\/wp-content\/uploads\/2018\/06\/IMG_2076.jpg?fit=737%2C1024&amp;ssl=1\" class=\"size-thumbnail wp-image-166 alignright\" src=\"https:\/\/i0.wp.com\/rowerowedobro.pl\/wp-content\/uploads\/2018\/06\/IMG_2076-150x150.jpg?resize=150%2C150&#038;ssl=1\" alt=\"\" width=\"150\" height=\"150\" srcset=\"https:\/\/i0.wp.com\/dlazuzi.rowerowedobro.pl\/wp-content\/uploads\/2018\/06\/IMG_2076.jpg?resize=150%2C150&amp;ssl=1 150w, https:\/\/i0.wp.com\/dlazuzi.rowerowedobro.pl\/wp-content\/uploads\/2018\/06\/IMG_2076.jpg?zoom=2&amp;resize=150%2C150&amp;ssl=1 300w, https:\/\/i0.wp.com\/dlazuzi.rowerowedobro.pl\/wp-content\/uploads\/2018\/06\/IMG_2076.jpg?zoom=3&amp;resize=150%2C150&amp;ssl=1 450w\" sizes=\"(max-width: 150px) 100vw, 150px\" \/>problemy ze wzrokiem oraz choruje na epilepsj\u0119. Rodzice m\u00f3wi\u0105, \u017ce bardzo ucieszy\u0142 si\u0119 na wiadomo\u015b\u0107, \u017ce b\u0119dzie mia\u0142 rodze\u0144stwo. Od chwili narodzin Zuzi, kiedy rozpocz\u0119\u0142a si\u0119 walka o jej \u017cycie, Oskar z dzieci\u0119c\u0105 wiar\u0105 i ufno\u015bci\u0105\u00a0 codziennie modli\u0142 si\u0119 o jej zdrowie! Warto pos\u0142ucha\u0107 wypowiedzi Oskara w\u00a0rozmowie dla Radia Lublin <a href=\"https:\/\/rowerowedobro.pl\/?p=105\">https:\/\/rowerowedobro.pl\/?p=105<\/a> Teraz m\u00f3wi, \u017ce chce zosta\u0107 ksi\u0119dzem, tak jak ks. Witek &#x1f60a;Jak ka\u017cdy ch\u0142opiec w tym wieku ma swoje pasje i marzenia. Lubi gra\u0107 w\u00a0pi\u0142k\u0119, uk\u0142ada\u0107 klocki i puzzle. A najwi\u0119kszym jego marzeniem jest\u2026pies.<\/p>\n<p>Rodzina Pa\u0144stwa Urbaniak\u00f3w to niezwykle skromni ludzie, kt\u00f3rzy w obliczu trudno\u015bci nie poddali si\u0119 i walcz\u0105 o lepsze jutro dla swoich dzieci a przede wszystkim dla Zuzi.<\/p>\n<p>Celem akcji \u201eZ ksi\u0119dzem na Gibraltar dla Zuzi\u201d <a href=\"https:\/\/rowerowedobro.pl\">https:\/\/rowerowedobro.pl<\/a>, jest nie tylko wsparcie finansowe rodziny, ale r\u00f3wnie\u017c utwierdzenie jej w przekonaniu, \u017ce nie s\u0105 sami, \u017ce wok\u00f3\u0142\u00a0 nich, ale\u00a0 i ca\u0142kiem daleko, nawet poza granicami kraju s\u0105 ludzie, kt\u00f3rzy na miar\u0119 swoich mo\u017cliwo\u015bci chc\u0105 pomaga\u0107.<\/p>\n<p>Bo dobro wraca\u2026 ZAWSZE, nie wiesz z kt\u00f3rej strony i od kogo, ale WRACA &#x1f60a;<\/p>\n","protected":false},"excerpt":{"rendered":"<p>O Zuzi i jej stanie zdrowia wiemy wszystko, no prawie wszystko, przecie\u017c sytuacja jest nazwijmy to\u2026 rozwojowa. Ka\u017cdy dzie\u0144 przynosi co\u015b nowego, jak\u0105\u015b zmian\u0119\u2026 Niezwykle istotna na chwil\u0119 obecn\u0105 jest rehabilitacja Zuzi, aby w przysz\u0142o\u015bci mog\u0142a \u017cy\u0107 pe\u0142ni\u0105 \u017cycia. A\u00a0szanse s\u0105 olbrzymie!!! Szczeg\u00f3lnie istotne dla rozwoju o\u015brodkowego uk\u0142adu nerwowego s\u0105 &hellip;<\/p>\n","protected":false},"author":1,"featured_media":167,"parent":0,"menu_order":0,"comment_status":"closed","ping_status":"closed","template":"","meta":{"footnotes":""},"class_list":["post-558","page","type-page","status-publish","has-post-thumbnail","hentry"],"jetpack_sharing_enabled":true,"jetpack_shortlink":"https:\/\/wp.me\/Pa0ROv-90","jetpack-related-posts":[],"_links":{"self":[{"href":"https:\/\/dlazuzi.rowerowedobro.pl\/index.php?rest_route=\/wp\/v2\/pages\/558","targetHints":{"allow":["GET"]}}],"collection":[{"href":"https:\/\/dlazuzi.rowerowedobro.pl\/index.php?rest_route=\/wp\/v2\/pages"}],"about":[{"href":"https:\/\/dlazuzi.rowerowedobro.pl\/index.php?rest_route=\/wp\/v2\/types\/page"}],"author":[{"embeddable":true,"href":"https:\/\/dlazuzi.rowerowedobro.pl\/index.php?rest_route=\/wp\/v2\/users\/1"}],"replies":[{"embeddable":true,"href":"https:\/\/dlazuzi.rowerowedobro.pl\/index.php?rest_route=%2Fwp%2Fv2%2Fcomments&post=558"}],"version-history":[{"count":1,"href":"https:\/\/dlazuzi.rowerowedobro.pl\/index.php?rest_route=\/wp\/v2\/pages\/558\/revisions"}],"predecessor-version":[{"id":559,"href":"https:\/\/dlazuzi.rowerowedobro.pl\/index.php?rest_route=\/wp\/v2\/pages\/558\/revisions\/559"}],"wp:featuredmedia":[{"embeddable":true,"href":"https:\/\/dlazuzi.rowerowedobro.pl\/index.php?rest_route=\/wp\/v2\/media\/167"}],"wp:attachment":[{"href":"https:\/\/dlazuzi.rowerowedobro.pl\/index.php?rest_route=%2Fwp%2Fv2%2Fmedia&parent=558"}],"curies":[{"name":"wp","href":"https:\/\/api.w.org\/{rel}","templated":true}]}}