{"id":90,"date":"2018-06-20T10:09:10","date_gmt":"2018-06-20T10:09:10","guid":{"rendered":"http:\/\/rowerowedobro.pl\/?page_id=90"},"modified":"2018-06-21T18:11:27","modified_gmt":"2018-06-21T18:11:27","slug":"kto-jedzie","status":"publish","type":"page","link":"https:\/\/dlazuzi.rowerowedobro.pl\/?page_id=90","title":{"rendered":"Kto jedzie?"},"content":{"rendered":"<p><img data-recalc-dims=\"1\" fetchpriority=\"high\" decoding=\"async\" data-attachment-id=\"4\" data-permalink=\"https:\/\/dlazuzi.rowerowedobro.pl\/?attachment_id=4\" data-orig-file=\"https:\/\/i0.wp.com\/dlazuzi.rowerowedobro.pl\/wp-content\/uploads\/2018\/06\/35493194_2053683258227238_1544260542158340096_n-e1529407176107.jpg?fit=1699%2C3000&amp;ssl=1\" data-orig-size=\"1699,3000\" data-comments-opened=\"0\" data-image-meta=\"{&quot;aperture&quot;:&quot;0&quot;,&quot;credit&quot;:&quot;&quot;,&quot;camera&quot;:&quot;&quot;,&quot;caption&quot;:&quot;&quot;,&quot;created_timestamp&quot;:&quot;0&quot;,&quot;copyright&quot;:&quot;&quot;,&quot;focal_length&quot;:&quot;0&quot;,&quot;iso&quot;:&quot;0&quot;,&quot;shutter_speed&quot;:&quot;0&quot;,&quot;title&quot;:&quot;&quot;,&quot;orientation&quot;:&quot;0&quot;}\" data-image-title=\"35493194_2053683258227238_1544260542158340096_n\" data-image-description=\"\" data-image-caption=\"\" data-medium-file=\"https:\/\/i0.wp.com\/dlazuzi.rowerowedobro.pl\/wp-content\/uploads\/2018\/06\/35493194_2053683258227238_1544260542158340096_n-e1529407176107.jpg?fit=170%2C300&amp;ssl=1\" data-large-file=\"https:\/\/i0.wp.com\/dlazuzi.rowerowedobro.pl\/wp-content\/uploads\/2018\/06\/35493194_2053683258227238_1544260542158340096_n-e1529407176107.jpg?fit=580%2C1024&amp;ssl=1\" class=\"size-medium wp-image-4 alignleft\" src=\"https:\/\/i0.wp.com\/rowerowedobro.pl\/wp-content\/uploads\/2018\/06\/35493194_2053683258227238_1544260542158340096_n-e1529407176107-170x300.jpg?resize=170%2C300&#038;ssl=1\" alt=\"\" width=\"170\" height=\"300\" srcset=\"https:\/\/i0.wp.com\/dlazuzi.rowerowedobro.pl\/wp-content\/uploads\/2018\/06\/35493194_2053683258227238_1544260542158340096_n-e1529407176107.jpg?resize=170%2C300&amp;ssl=1 170w, https:\/\/i0.wp.com\/dlazuzi.rowerowedobro.pl\/wp-content\/uploads\/2018\/06\/35493194_2053683258227238_1544260542158340096_n-e1529407176107.jpg?resize=768%2C1356&amp;ssl=1 768w, https:\/\/i0.wp.com\/dlazuzi.rowerowedobro.pl\/wp-content\/uploads\/2018\/06\/35493194_2053683258227238_1544260542158340096_n-e1529407176107.jpg?resize=580%2C1024&amp;ssl=1 580w, https:\/\/i0.wp.com\/dlazuzi.rowerowedobro.pl\/wp-content\/uploads\/2018\/06\/35493194_2053683258227238_1544260542158340096_n-e1529407176107.jpg?w=1699&amp;ssl=1 1699w, https:\/\/i0.wp.com\/dlazuzi.rowerowedobro.pl\/wp-content\/uploads\/2018\/06\/35493194_2053683258227238_1544260542158340096_n-e1529407176107.jpg?w=1524&amp;ssl=1 1524w\" sizes=\"(max-width: 170px) 100vw, 170px\" \/>Ks. Witek Bednarz &#8211; kap\u0142an, kt\u00f3ry wsz\u0119dzie opowiada \u017ce B\u00f3g jest dobry, organizuje Ekstremalne Drogi Krzy\u017cowe, Udziela si\u0119 w Szlachetnej Paczce i jest kapelanem w hrubieszowskim Zak\u0142adzie Karnym.<\/p>\n","protected":false},"excerpt":{"rendered":"<p>Ks. Witek Bednarz &#8211; kap\u0142an, kt\u00f3ry wsz\u0119dzie opowiada \u017ce B\u00f3g jest dobry, organizuje Ekstremalne Drogi Krzy\u017cowe, Udziela si\u0119 w Szlachetnej Paczce i jest kapelanem w hrubieszowskim Zak\u0142adzie Karnym.<\/p>\n","protected":false},"author":1,"featured_media":0,"parent":0,"menu_order":1,"comment_status":"closed","ping_status":"closed","template":"","meta":{"footnotes":""},"class_list":["post-90","page","type-page","status-publish","hentry"],"jetpack_sharing_enabled":true,"jetpack_shortlink":"https:\/\/wp.me\/Pa0ROv-1s","jetpack-related-posts":[],"_links":{"self":[{"href":"https:\/\/dlazuzi.rowerowedobro.pl\/index.php?rest_route=\/wp\/v2\/pages\/90","targetHints":{"allow":["GET"]}}],"collection":[{"href":"https:\/\/dlazuzi.rowerowedobro.pl\/index.php?rest_route=\/wp\/v2\/pages"}],"about":[{"href":"https:\/\/dlazuzi.rowerowedobro.pl\/index.php?rest_route=\/wp\/v2\/types\/page"}],"author":[{"embeddable":true,"href":"https:\/\/dlazuzi.rowerowedobro.pl\/index.php?rest_route=\/wp\/v2\/users\/1"}],"replies":[{"embeddable":true,"href":"https:\/\/dlazuzi.rowerowedobro.pl\/index.php?rest_route=%2Fwp%2Fv2%2Fcomments&post=90"}],"version-history":[{"count":3,"href":"https:\/\/dlazuzi.rowerowedobro.pl\/index.php?rest_route=\/wp\/v2\/pages\/90\/revisions"}],"predecessor-version":[{"id":140,"href":"https:\/\/dlazuzi.rowerowedobro.pl\/index.php?rest_route=\/wp\/v2\/pages\/90\/revisions\/140"}],"wp:attachment":[{"href":"https:\/\/dlazuzi.rowerowedobro.pl\/index.php?rest_route=%2Fwp%2Fv2%2Fmedia&parent=90"}],"curies":[{"name":"wp","href":"https:\/\/api.w.org\/{rel}","templated":true}]}}